{"id":1162,"date":"2015-10-27T12:26:45","date_gmt":"2015-10-27T12:26:45","guid":{"rendered":"https:\/\/www.swissremarketing.com\/it\/terms-of-use\/"},"modified":"2016-07-08T05:37:50","modified_gmt":"2016-07-08T05:37:50","slug":"terms-of-use","status":"publish","type":"page","link":"https:\/\/www.swissremarketing.com\/it\/terms-of-use\/","title":{"rendered":"Terms of Use &#8211; Condizioni di utilizzo"},"content":{"rendered":"<div class=\"page\" title=\"Page 1\">\n<div class=\"layoutArea\">\n<div class=\"column\">\n<p>&nbsp;<\/p>\n<h6><span style=\"color: #ffffff;\">1. Campo di applicazione<\/span><\/h6>\n<p>Queste condizioni di utilizzo fra l\u2019utente e SwissRemarketing SA (in seguito \u201dSwissRemarketing\u201c) regolano l&#8217;accesso dell\u2019utente ai siti internet di SwissRemarketing (in seguito \u201cSiti Internet di SwissRemarketing\u201d) e il loro utilizzo. Queste condizioni di utilizzo possono essere integrate, modificate o sostituite mediante ulteriori condizioni, per esempio per l&#8217;acquisto di prodotti e\/o servizi.<\/p>\n<p>\u00c8 necessario leggere con attenzione e comprendere queste condizioni di utilizzo. Effettuando il login oppure, nel caso non sia necessario un login separato, mediante l\u2019utilizzo dei Siti Internet di SwissRemarketing, viene accettata automaticamente la validit\u00e0 di queste condizioni di utilizzo nella loro rispettiva versione. Non \u00e8 consentito l\u2019utilizzo dei Siti Internet di SwissRemarketing qualora non si accettino queste condizioni di utilizzo.<\/p>\n<h6><span style=\"color: #ffffff;\">2. Servizio<\/span><\/h6>\n<p>SwissRemarketing mette a disposizione per la consultazione o il download sui Siti Internet di SwissRemarketing determinate informazioni, applicazioni, servizi o software, pi\u00f9 relativa documentazione laddove necessario (in seguito \u201cInformazioni\u201d). Queste informazioni non rappresentano, a livello giuridico, un\u2019offerta da parte di SwissRemarketing.<\/p>\n<p>L&#8217;accesso ai Siti Internet di SwissRemarketing e l\u2019utilizzo delle informazioni messe a disposizione sono soggetti a queste condizioni di utilizzo. Eventuali condizioni concordate separatamente, per esempio durante l&#8217;acquisto di hardware o il download di software, hanno per\u00f2 la precedenza rispetto a queste condizioni di utilizzo.<\/p>\n<p>SwissRemarketing \u00e8 autorizzata in qualsiasi momento a interrompere la gestione dei Siti Internet SwissRemarketing per intero o in parte, o anche a modificare e integrare il loro intero contenuto o una loro parte. Considerando la natura di internet e dei sistemi informatici, SwissRemarketing non garantisce la disponibilit\u00e0 ininterrotta dei Siti Internet di SwissRemarketing.<\/p>\n<h6><span style=\"color: #ffffff;\">3. Diritti e obblighi di utilizzo<\/span><\/h6>\n<p>SwissRemarketing garantisce all\u2019utente un diritto non esclusivo e non cedibile di accesso ai Siti Internet di SwissRemarketing e di utilizzo delle loro informazioni come previsto in queste condizioni di utilizzo o come concordato separatamente con l\u2019utente; oppure, \u00a0in mancanza di accordi specifici, in conformit\u00e0 con lo scopo perseguito con la fornitura e la concessione da parte di SwissRemarketing di queste informazioni.<\/p>\n<p>Non \u00e8 consentito distribuire, affittare o cedere in altro modo queste informazioni a terzi. A meno che non sia consentito diversamente da disposizioni legali vincolanti, non \u00e8 possibile modificare, regredire o ritradurre queste informazioni, n\u00e9 rimuoverne una parte.<\/p>\n<p>L\u2019utente si impegna a non diffondere sui Siti Internet di SwissRemarketing nessun programma nocivo come virus, trojan o altre programmazioni che possano danneggiare il software e di agire a questo proposito con la ragionevole attenzione di un utente informatico.<\/p>\n<p>L\u2019utente si impegna inoltre a non pubblicare sui Siti Internet SwissRemarketing nessun contenuto che violi la legge, che offenda il buon costume o che leda i diritti di propriet\u00e0 di SwissRemarketing o di terze parti. L\u2019utente \u00e8 tenuto a fornire informazioni corrette riguardo alla propria persona.<\/p>\n<h6><span style=\"color: #ffffff;\">4. Diritti di propriet\u00e0 intellettuale<\/span><\/h6>\n<p>Le informazioni pubblicate sui Siti Internet SwissRemarketing sono protette sia dalla Legge sul diritto d\u2019autore che dagli Accordi sul diritto d\u2019autore internazionali, nonch\u00e9 da altre leggi e accordi sulla propriet\u00e0 intellettuale. Questi diritti di propriet\u00e0 individuale spettano esclusivamente a SwissRemarketing o a terze parti. L\u2019utente \u00e8 tenuto a rispettare questi diritti, in particolare a non rimuovere o modificare identificatori (codici), marchi, note di copyright o misure protettive tecniche dalle informazioni o dalle loro copie.<\/p>\n<p>Fatta eccezione nel caso in cui un\u2019autorizzazione contenuta in queste condizioni di utilizzo affermi espressamente il contrario, la riproduzione, l\u2019elaborazione, la diffusione e qualsiasi tipo di utilizzo della propriet\u00e0 intellettuale dei Siti Internet SwissRemarketing o delle loro informazioni al di fuori dei limiti del diritto d&#8217;autore necessita di previa autorizzazione scritta di SwissRemarketing o del rispettivo proprietario di terza parte.<\/p>\n<p>Scaricare, stampare e fotocopiare i Siti Internet di SwissRemarketing e le loro informazioni \u00e8 consentito solo per l\u2019uso privato e non commerciale, citando per\u00f2 sempre la fonte corrispondente.<\/p>\n<p>Eventuali contenuti messi a disposizione dall\u2019utente sui Siti Internet di SwissRemarketing vengono considerati come non confidenziali. Qualora questi contenuti dovessero essere protetti dalle normative sul diritto di autore, l\u2019utente deve assicurarsi di essere autorizzato alla loro diffusione e di non ledere con la loro diffusione nessun diritto di terzi. Con la presente l\u2019utente concede a SwissRemarketing il diritto non esclusivo, cedibile, trasferibile a terzi, irrevocabile, gratuito e valido a livello internazionale di riprodurre, elaborare e diffondere questi contenuti (inclusi tutti i dati, le immagini, i grafici, i suoni, il testo ecc. ivi contenuti) per qualsiasi scopo commerciale e non commerciale. SwissRemarketing non si assume alcuna responsabilit\u00e0 per l&#8217;eventuale utilizzo di questi contenuti tramite terze parti e quindi va esclusa una sua corrispondente responsabilit\u00e0 civile.<\/p>\n<h6><span style=\"color: #ffffff;\">5. Disponibilit\u00e0, esclusione di responsabilit\u00e0, garanzia<\/span><\/h6>\n<p>Le informazioni pubblicate sui Siti Internet SwissRemarketing sono state prodotte con attenzione. SwissRemarketing si impegna costantemente a offrire un&#8217;elevata disponibilit\u00e0 dei suoi Siti Internet e un costante aggiornamento delle loro informazioni. SwissRemarketing, tuttavia, non assicura n\u00e9 garantisce che i Siti Internet SwissRemarketing siano sempre a disposizione senza interruzioni o disturbi o che le informazioni in essi contenute siano sempre corrette o complete.<\/p>\n<p>SwissRemarketing non pu\u00f2 inoltre assicurare o garantire la correttezza, la completezza e l&#8217;attualit\u00e0 delle informazioni e nemmeno la loro commerciabilit\u00e0, il raggiungimento di una qualit\u00e0 soddisfacente, l\u2019adeguatezza per uno scopo specifico, la precisione, la possibilit\u00e0 di utilizzo indisturbato e l\u2019assenza di violazioni dei diritti di terzi.<\/p>\n<p>Purch\u00e9 concesso per legge, si esclude quindi qualsiasi responsabilit\u00e0 per perdite o danni che possano derivare dall\u2019utilizzo o dalla consultazione dei Siti Internet SwissRemarketing o a causa del collegamento con altri siti internet. Quest\u2019esclusione di responsabilit\u00e0 vale in particolare per la qualit\u00e0, l&#8217;attualit\u00e0, la correttezza, la validit\u00e0, l\u2019adeguatezza per uno scopo specifico e la disponibilit\u00e0 dei Siti Internet SwissRemarketing o delle loro informazioni.<\/p>\n<p>SwissRemarketing non \u00e8 responsabile in nessun caso per qualsiasi danno diretto, indiretto, immediato o non immediato, per danni conseguenti o per penali, incluse in modo non esaustivo perdite di profitto, di fatturato, di affari, di avviamento, di reputazione o altre perdite generate in connessione con o derivanti dall&#8217;accordo in oggetto, o altrimenti in connessione con l\u2019utilizzo o l\u2019impossibilit\u00e0 di utilizzo dei Siti Internet SwissRemarketing o delle loro informazioni, indipendentemente dalla causa e senza prendere in considerazione i fondamenti di responsabilit\u00e0.<\/p>\n<p>Purch\u00e9 concesso per legge, si esclude la responsabilit\u00e0 di SwissRemarketing per danni a hardware e software in seguito all\u2019utilizzo dei Siti Internet SwissRemarketing o delle loro informazioni. Prima di scaricare e utilizzare informazioni, software o documentazione, l\u2019utente \u00e8 tenuto a provvedere alla propria sicurezza nonch\u00e9 a bloccare eventuali virus o altri software dannosi adoperando dei dispositivi di sicurezza e un antivirus adeguato.<\/p>\n<h6><span style=\"color: #ffffff;\">6. Collegamenti ipertestuali e altri collegamenti<\/span><\/h6>\n<p>I Siti Internet SwissRemarketing possono contenere collegamenti ipertestuali o altri collegamenti a siti internet di terze parti. SwissRemarketing non si assume alcuna responsabilit\u00e0 per i contenuti di questi siti internet n\u00e9 appoggia questi siti internet e i loro contenuti, dato che SwissRemarketing non controlla i contenuti collegati ai suoi Siti e non \u00e8 inoltre responsabile per loro. L\u2019utente sceglie di utilizzarli a proprio rischio.<\/p>\n<p>\u00c8 possibile creare dei collegamenti ipertestuali su siti di terze parti che conducano ai Siti Internet di SwissRemarketing unicamente nel rispetto delle condizioni seguenti:<\/p>\n<p>(i) Le informazioni dei Siti Internet di SwissRemarketing non possono essere replicate.<br \/>\n(ii) \u00c8 necessario evitare in qualsiasi circostanza di dare l\u2019impressione erronea o ingannevole che fra l\u2019utente e SwissRemarketing sussista una relazione commerciale o di altro tipo.<br \/>\n(iii) Deve essere citata una fonte chiaramente riconoscibile.<br \/>\n(iv) Non pu\u00f2 essere creato alcun contesto di navigazione o di inclusione per le informazioni di SwissRemarketing.<br \/>\n(v) Il sito di terze parti non pu\u00f2 contenere informazioni illegali o immorali o che ledano diritti di terzi.<\/p>\n<h6><span style=\"color: #ffffff;\">7. Indennizzo<\/span><\/h6>\n<p>Qualora una terza parte dovesse sollevare delle rivendicazioni contro SwissRemarketing che siano connesse con un utilizzo contrario agli accordi da parte dell\u2019utente dei Siti Internet di SwissRemarketing, l\u2019utente dovr\u00e0 indennizzare SwissRemarketing per tutte le spese, i danni e le perdite derivanti dall&#8217;affermazione di queste rivendicazioni. Fra questi \u00e8 possibile annoverare anche gli onorari degli avvocati e le spese legali derivanti dalla difesa contro tali rivendicazioni.<\/p>\n<h6><span style=\"color: #ffffff;\">8. Protezione dati<\/span><\/h6>\n<p>SwissRemarketing rispetta la sfera privata dell\u2019utente. Nelle disposizioni di protezione dati viene descritto come vengono trattati i dati dell\u2019utente e come viene garantita la protezione dati. Le <a href=\"https:\/\/www.swissremarketing.com\/it\/privacy-policy\/\">disposizioni di protezione dati<\/a> rappresentano parte integrante di queste condizioni di utilizzo.<\/p>\n<p>SwissRemarketing ha il diritto, a propria descrizione, di rimuovere i dati dell\u2019utente dai Siti Internet di SwissRemarketing senza preavviso e senza comunicarlo all\u2019utente.<\/p>\n<h6><span style=\"color: #ffffff;\">9. Cessazione<\/span><\/h6>\n<p>Qualora l\u2019utente infranga queste condizioni di utilizzo, oppure il suo comportamento violi la legge, i diritti di terze parti o il buon costume, SwissRemarketing pu\u00f2 sospendere temporaneamente o permanentemente il suo accesso ai Siti Internet di SwissRemarketing.<\/p>\n<h6><span style=\"color: #ffffff;\">10. Clausola salvatoria<\/span><\/h6>\n<p>Qualora una disposizione di queste condizioni di utilizzo dovesse essere o diventare inefficace oppure dovesse presentare una lacuna, la validit\u00e0 legale delle altre disposizioni rimarr\u00e0 invariata. Al posto della disposizione mancante o non valida, verr\u00e0 considerata come concordata la disposizione pi\u00f9 vicina al fine economico inteso originariamente.<\/p>\n<h6><span style=\"color: #ffffff;\">11. Foro competente e diritto applicabile<\/span><\/h6>\n<p>Per tutte le controversie derivanti o connesse con l\u2019utilizzo dei Siti Internet di SwissRemarketing, viene concordata la competenza esclusiva del tribunale presso la sede di SwissRemarketing ad <strong>Argovia, in Svizzera<\/strong>. Queste condizioni di utilizzo sono sottoposte al <strong>Diritto svizzero<\/strong> materiale, con esclusione dell\u2019Accordo delle Nazioni Unite sulla compravendita internazionali di merci (Convenzione sulle vendite ONU).<\/p>\n<h6><span style=\"color: #ffffff;\">12. Contatti<\/span><\/h6>\n<p>La Sua opinione \u00e8 molto importante per noi. Accogliamo volentieri commenti e domande su queste condizioni di utilizzo all\u2019indirizzo info@swissremarketing.com.<\/p>\n<p>&nbsp;<\/p>\n<p>Dottikon, Gennaio\u00a02016<\/p>\n<\/div>\n<\/div>\n<\/div>\n<p>&nbsp;<\/p>\n<p>&nbsp;<\/p>\n<p>&nbsp;<\/p>\n","protected":false},"excerpt":{"rendered":"<p>&nbsp; 1. Campo di applicazione Queste condizioni di utilizzo fra l\u2019utente e SwissRemarketing SA (in seguito \u201dSwissRemarketing\u201c) regolano l&#8217;accesso dell\u2019utente ai siti internet di SwissRemarketing (in seguito \u201cSiti Internet di SwissRemarketing\u201d) e il loro utilizzo. Queste condizioni di utilizzo possono <a class=\"read-more\" data-through=\"gateway\" data-postid=\"1162\" href=\"https:\/\/www.swissremarketing.com\/it\/terms-of-use\/\">Read More<\/a><\/p>\n","protected":false},"author":1,"featured_media":0,"parent":0,"menu_order":0,"comment_status":"closed","ping_status":"closed","template":"","meta":{"inline_featured_image":false,"footnotes":""},"_links":{"self":[{"href":"https:\/\/www.swissremarketing.com\/it\/wp-json\/wp\/v2\/pages\/1162"}],"collection":[{"href":"https:\/\/www.swissremarketing.com\/it\/wp-json\/wp\/v2\/pages"}],"about":[{"href":"https:\/\/www.swissremarketing.com\/it\/wp-json\/wp\/v2\/types\/page"}],"author":[{"embeddable":true,"href":"https:\/\/www.swissremarketing.com\/it\/wp-json\/wp\/v2\/users\/1"}],"replies":[{"embeddable":true,"href":"https:\/\/www.swissremarketing.com\/it\/wp-json\/wp\/v2\/comments?post=1162"}],"version-history":[{"count":12,"href":"https:\/\/www.swissremarketing.com\/it\/wp-json\/wp\/v2\/pages\/1162\/revisions"}],"predecessor-version":[{"id":2096,"href":"https:\/\/www.swissremarketing.com\/it\/wp-json\/wp\/v2\/pages\/1162\/revisions\/2096"}],"wp:attachment":[{"href":"https:\/\/www.swissremarketing.com\/it\/wp-json\/wp\/v2\/media?parent=1162"}],"curies":[{"name":"wp","href":"https:\/\/api.w.org\/{rel}","templated":true}]}}