{"id":1159,"date":"2014-09-03T07:55:51","date_gmt":"2014-09-03T07:55:51","guid":{"rendered":"https:\/\/www.swissremarketing.com\/it\/?page_id=1159"},"modified":"2016-07-08T05:37:32","modified_gmt":"2016-07-08T05:37:32","slug":"privacy-policy","status":"publish","type":"page","link":"https:\/\/www.swissremarketing.com\/it\/privacy-policy\/","title":{"rendered":"Privacy Policy &#8211; Disposizioni di protezione dati"},"content":{"rendered":"<p>&nbsp;<\/p>\n<h6><span style=\"color: #ffffff;\">1. Campo di applicazione<\/span><\/h6>\n<p>La protezione e la sicurezza dati rivestono un\u2019importanza elevata per SwissRemarketing SA (di seguito \u201cSwissRemarketing\u201d). Perci\u00f2 per SwissRemarketing \u00e8 molto importante anche la protezione dei dati personali durante tutti i processi commerciali. Questa dichiarazione di protezione dati illustra quali dati vengono conservati da SwissRemarketing durante la visita dell\u2019utente sui Siti Internet di SwissRemarketing e come e a quale scopo questi dati vengano utilizzati da SwissRemarketing.<\/p>\n<p>Utilizzando i Siti Internet SwissRemarketing, l\u2019utente dichiara di essere d&#8217;accordo con il fatto che SwissRemarketing possa rilevare, elaborare e utilizzare i dati elencati in seguito per gli scopi citati in queste disposizioni.<\/p>\n<p>Queste disposizioni di protezione dati costituiscono al tempo stesso parte integrante delle <a href=\"https:\/\/www.swissremarketing.com\/it\/terms-of-use\/\">Condizioni di utilizzo<\/a> di SwissRemarketing.<\/p>\n<h6><span style=\"color: #ffffff;\">2. Ricezione dei dati utente<\/span><\/h6>\n<p>Vengono considerati come dati utente tutte le informazioni e i dati, inclusi i contenuti inseriti, caricati, configurati ecc. dall\u2019utente mediante i Siti Internet di SwissRemarketing, oppure quelli che SwissRemarketing raccoglie durante l\u2019utilizzo dell\u2019utente dei Siti Internet di SwissRemarketing, al fine di consentire l\u2019identificazione dell\u2019utente o che siano riconducibili all\u2019utente. Fra questi \u00e8 possibile annoverare in particolare i seguenti dati utente:<\/p>\n<p>Informazioni relative all\u2019utente, necessarie per la registrazione di un account per l\u2019utilizzo dei servizi online di SwissRemarketing (in particolare nome, localit\u00e0 [indirizzo\/sede], indirizzo email, numero di telefono).<\/p>\n<p>\u00c8 inoltre possibile che l\u2019utente comunichi a SwissRemarketing ulteriori informazioni su di s\u00e9 o su terzi. Queste informazioni sono volontarie e vengono comunicate nell\u2019ambito dell\u2019utilizzo dell\u2019utente dei servizi online di SwissRemarketing, oppure al fine dell\u2019esecuzione del rispettivo contratto con SwissRemarketing.<\/p>\n<p>Mediante l\u2019utilizzo dell\u2019utente dei Siti Internet di SwissRemarketing, SwissRemarketing riceve inoltre informazioni e dati relative alle attivit\u00e0 dell\u2019utente sugli stessi (per esempio inizio e fine dell\u2019utilizzo, utilizzo delle diverse offerte, informazioni di login), nonch\u00e9 sui dispositivi utilizzati dall\u2019utente (dati di rete e comunicazione, indirizzo IP, numero di cellulare, servizio internet, sistema operativo, localit\u00e0) e infine anche informazioni e dati resi accessibili dall\u2019utente stesso sui Siti Internet SwissRemarketing. Le informazioni e i dati rilevanti possono in alcune circostanze contenere anche informazioni e dati aggiuntivi (in particolare metadati o dati che vengono acquisiti da aziende partner di SwissRemarketing o da aziende di terze parti).<\/p>\n<h6><span style=\"color: #ffffff;\">3. Utilizzo dei dati utente<\/span><\/h6>\n<p>SwissRemarketing elabora i dati utente ai seguenti scopi:<\/p>\n<p>a) per comunicare con l\u2019utente;<br \/>\nb) per rendere pi\u00f9 semplice, veloce e pratico l\u2019utilizzo dei Siti Internet SwissRemarketing;<br \/>\nc) per soddisfare gli obblighi contrattuali e fornire una qualit\u00e0 di servizio elevata;<br \/>\nd) per la cura e lo sviluppo delle relazioni con i clienti;<br \/>\ne) per la sicurezza del funzionamento e dell\u2019infrastruttura di SwissRemarketing;<br \/>\nf) per la fatturazione;<br \/>\ng) per un\u2019organizzazione e uno sviluppo appropriati dei Siti Internet SwissRemarketing.<\/p>\n<h6><span style=\"color: #ffffff;\">4. Archiviazione e cancellazione dei dati utente<\/span><\/h6>\n<p>SwissRemarketing memorizza i dati utente ricevuti in conformit\u00e0 alla Clausola 2 e 3.<\/p>\n<p>I server di SwissRemarketing si trovano in Svizzera. Qualora l\u2019utente dovesse utilizzare SwissRemarketing al di fuori della Svizzera, dichiara con la presente il suo consenso al fatto che i dati utente vengano archiviati ed elaborati in Svizzera.<\/p>\n<p>L\u2019utente ha la facolt\u00e0 di richiedere in qualunque momento informazioni relative ai suoi dati utente personali archiviati.<\/p>\n<p>L\u2019utente ha parimenti la facolt\u00e0 di richiedere a SwissRemarketing di modificare, correggere, bloccare o cancellare i suoi dati utente. SwissRemarketing soddisfer\u00e0 di norma ciascuna richiesta corrispondente entro tre giorni lavorativi dalla ricezione di una richiesta autentificata. Valgono per\u00f2 le seguenti eccezioni:<\/p>\n<ul>\n<li>I dati utenti necessari per lo sviluppo del rapporto contrattuale vengono cancellati unicamente quando il contratto si \u00e8 completamente concluso.<\/li>\n<li>Qualora SwissRemarketing sia tenuto a conservare i dati utente nel rispetto delle disposizioni legali, SwissRemarketing soddisfer\u00e0 quest\u2019obbligo.<\/li>\n<li>Qualora sussistano indizi che l\u2019utente abbia utilizzato i Siti Internet SwissRemarketing o le loro informazioni in modalit\u00e0 contrarie al contratto o alla legge, i dati utente corrispondenti verranno cancellati solo quando non saranno pi\u00f9 necessari per chiarire gli indizi in questione.<\/li>\n<li>Anche quando i dati utente vengono cancellati da parte di SwissRemarketing, possono rimanere per un certo periodo di tempo negli archivi interni e nelle copie di sicurezza di SwissRemarketing. SwissRemarketing non rende disponibili i suoi archivi interni o copie di sicurezza a terze parti.<\/li>\n<li>SwissRemarketing condivider\u00e0 eventuali modifiche, correzioni, blocchi o cancellazione dei dati utente con le terze parti a cui SwissRemarketing ha trasmesso i dati utente interessati.<\/li>\n<li>In caso di cancellazione o di blocco definitivo dell&#8217;account dell\u2019utente, vengono cancellati tutti i dati utente personali connessi con esso fatta riserva per le eccezioni nominate in questa Clausola.<\/li>\n<\/ul>\n<h6><span style=\"color: #ffffff;\">5. Cookies<\/span><\/h6>\n<p>Per orientare al meglio la sua offerta alle necessit\u00e0 dell\u2019utente, SwissRemarketing in alcuni casi si avvale dei cosiddetti cookies. Un cookie \u00e8 un piccolo file di testo che viene inviato dal server web al browser internet dell\u2019utente e che viene memorizzato nel suo computer. I cookie non arrecano alcun danno al computer dell\u2019utente e non contengono alcun virus.<\/p>\n<p>Grazie all\u2019utilizzo di cookies SwissRemarketing \u00e8 in grado di riconoscere il computer dell\u2019utente durante le successive visite ai Siti Internet SwissRemarketing e pu\u00f2 quindi, per esempio, assicurarsi di non riproporre delle offerte gi\u00e0 effettuate o evitare che l\u2019utente debba effettuare nuovamente il login a ogni nuova visita. SwissRemarketing non utilizza espressamente nessun cookie per raccogliere informazioni dal computer dell\u2019utente (i cosiddetti spyware) o per inserire nel browser dell\u2019utente delle pubblicit\u00e0 quando non \u00e8 connesso a internet o quando sta navigando al di fuori dei Siti Internet di SwissRemarketing (i cosiddetti adware).<\/p>\n<p>I cookies e altre tecniche simili vengono inoltre adoperati da SwissRemarketing per rendere possibili determinati processi, servizi e transazioni, come per esempio quando l\u2019utente utilizza un carrello acquisti virtuale in uno shop elettronico.<\/p>\n<p>Nei Siti Internet SwissRemarketing vengono inoltre adoperati dei cookies che permettono a SwissRemarketing di riconoscere un profilo utente memorizzato durante una registrazione (nome utente\/password).<\/p>\n<p>\u00c8 possibile scegliere di rinunciare ai vantaggi dei cookies. \u00c8 possibile impostare il proprio browser in modo da far comparire un avviso sullo schermo prima della memorizzazione di un cookie o per impedire completamente l\u2019impostazione di cookies. \u00c8 inoltre possibile rimuovere i cookies gi\u00e0 impostati. SwissRemarketing sottolinea per\u00f2 che in tal caso potrebbe non essere possibile utilizzare completamente tutte le funzioni dei Siti Internet SwissRemarketing.<\/p>\n<h6><span style=\"color: #ffffff;\">6. Strumenti di analisi web<\/span><\/h6>\n<p>Ai fini di un\u2019organizzazione appropriata e dell\u2019ottimizzazione continua dei suoi Siti Internet, SwissRemarketing utilizza Google Analytics, un servizio di analisi web di Google Inc. 1600 Amphitheatre Parkway, Mountain View, CA 94043, United States (\u201eGoogle\u201c). In questo contesto vengono utilizzati dei cookies. Le informazioni relative agli utilizzi dell\u2019utente dei Siti Internet di SwissRemarketing prodotte attraverso cookies, come:<\/p>\n<p>a) tipo\/versione browser,<br \/>\nb) sistema operativo utilizzato,<br \/>\nc) referrer URL (la pagina visualizzata in precedenza),<br \/>\nd) hostname del computer che effettua l&#8217;accesso (indirizzo IP),<br \/>\ne) ora della richiesta al server,<\/p>\n<p>vengono trasmessi al server di Google Inc. negli USA e ivi archiviati. Queste informazioni vengono utilizzate per valutare l\u2019utilizzo dei Siti Internet SwissRemarketing, per assemblare resoconti relativi alle attivit\u00e0 dei Siti e per fornire ulteriori servizi collegati all\u2019utilizzo dei Siti e di internet, ai fini della ricerca di mercato e dell\u2019organizzazione appropriata dei Siti Internet SwissRemarketing. Queste informazioni possono essere trasmesse a terzi, qualora sia prescritto per legge o qualora i terzi siano incaricati dell&#8217;elaborazione dei dati su richiesta di SwissRemarketing. In nessun caso, tuttavia, gli indirizzi IP verranno associati con altri dati relativi agli utenti. Gli indirizzi IP vengono resi anonimi in modo da rendere impossibile una loro attribuzione (mascheratura IP).<\/p>\n<p>\u00c8 possibile trovare ulteriori informazioni sui servizi di analisi web utilizzati sul sito internet di Google Analytics. \u00c8 possibile trovare delle istruzioni su come impedire l&#8217;elaborazione dei propri dati da parte del servizio di analisi web all\u2019indirizzo <a href=\"https:\/\/tools.google.com\/dlpage\/gaoptout?hl=it\" target=\"_blank\">https:\/\/tools.google.com\/dlpage\/gaoptout?hl=it<\/a>.<\/p>\n<h6><span style=\"color: #ffffff;\">7. Sicurezza e protezione dei dati utente<\/span><\/h6>\n<p>SwissRemarketing intraprende tutte le misure necessarie dal punto di vista tecnico e organizzativo per tutelare i dati utente. I Siti Internet SwissRemarketing vengono messi in sicurezza mediante provvedimenti tecnici e organizzativi contro la perdita, la distruzione e la manipolazione, nonch\u00e9 contro l&#8217;accesso, la modifica o la diffusione da parte di persone non autorizzate.<\/p>\n<h6><span style=\"color: #ffffff;\">8. Divulgazione a terzi<\/span><\/h6>\n<p>SwissRemarketing trasmetter\u00e0 i dati dell\u2019utente solo qualora questi vi abbia espressamente acconsentito, qualora ne sussista l\u2019obbligo legale o qualora sia necessario per l&#8217;applicazione dei diritti di SwissRemarketing, in particolare per l\u2019applicazione delle rivendicazioni relative a un rapporto contrattuale.<\/p>\n<p>SwissRemarketing trasmetter\u00e0 inoltre i dati dell\u2019utente a fornitori esterni, eventualmente con sede all&#8217;estero, solo qualora sia necessario per l\u2019esecuzione contrattuale. Questi fornitori utilizzeranno i dati dell\u2019utente esclusivamente per l&#8217;esecuzione dell\u2019incarico e non per altri fini. SwissRemarketing garantir\u00e0 a livello contrattuale con il rispettivo ricevente dei dati il rispetto della legge di protezione dei dati, nonch\u00e9 la garanzia della sicurezza dei dati.<\/p>\n<p>SwissRemarketing trasmetter\u00e0 i dati utente a istituzioni o autorit\u00e0 statali solo in virt\u00f9 di un obbligo legale.<\/p>\n<h6><span style=\"color: #ffffff;\">9. Collegamenti ipertestuali<\/span><\/h6>\n<p>I Siti Internet e le email di marketing di SwissRemarketing possono contenere collegamenti alle offerte di fornitori terzi. SwissRemarketing non ha alcuna influenza sulla gestione dei dati utenti da parte del gestore del sito internet collegato. Qualora ci siano domande a tale riguardo, si prega di contattare direttamente la terza parte in questione. SwissRemarketing non si assume alcuna responsabilit\u00e0 per l&#8217;eventuale mancato rispetto delle disposizioni di protezione dati da parte del gestore del sito internet collegato.<\/p>\n<h6><span style=\"color: #ffffff;\">10. Clausole finali<\/span><\/h6>\n<p>Qualora una di queste disposizioni di protezione dati dovesse essere o diventare inefficace o qualora il contratto contenesse una lacuna, la validit\u00e0 delle restanti disposizioni rimarr\u00e0 invariata. Al posto della disposizione mancante o inefficace, verr\u00e0 considerata come concordata la disposizione pi\u00f9 vicina al fine economico inteso originariamente dalle parti.<\/p>\n<p>Qualora SwissRemarketing dovesse cedere i diritti del suo sito internet, i dati dell\u2019utente potranno essere inclusi nella vendita oppure trasmessi all\u2019acquirente qualora quest\u2019ultimo soddisfi in egual modo queste disposizioni di protezione dati.<\/p>\n<p>SwissRemarketing pu\u00f2 modificare in qualsiasi momento queste disposizioni di protezione dati per adattarle alle Condizioni di utilizzo.<\/p>\n<h6><span style=\"color: #ffffff;\">11. Foro competente e diritto applicabile<\/span><\/h6>\n<p>Sono valide le regole delle <a href=\"https:\/\/www.swissremarketing.com\/it\/terms-of-use\/\">Condizioni di utilizzo<\/a>.<\/p>\n<h6><span style=\"color: #ffffff;\">12. Contatti<\/span><\/h6>\n<p>Qualora vi fossero domande riguardo la protezione dati sui Siti Internet di SwissRemarketing oppure si desideri richiedere informazioni o la cancellazione dei propri dati, si prega di rivolgersi a <a href=\"mailto:privacy@swissremarketing.com\">privacy@swissremarketing.com<\/a>.<\/p>\n<p>&nbsp;<\/p>\n<p>Dottikon, Gennaio\u00a02016<\/p>\n<p>&nbsp;<\/p>\n<p>&nbsp;<\/p>\n<p>&nbsp;<\/p>\n","protected":false},"excerpt":{"rendered":"<p>&nbsp; 1. Campo di applicazione La protezione e la sicurezza dati rivestono un\u2019importanza elevata per SwissRemarketing SA (di seguito \u201cSwissRemarketing\u201d). Perci\u00f2 per SwissRemarketing \u00e8 molto importante anche la protezione dei dati personali durante tutti i processi commerciali. Questa dichiarazione di <a class=\"read-more\" data-through=\"gateway\" data-postid=\"1159\" href=\"https:\/\/www.swissremarketing.com\/it\/privacy-policy\/\">Read More<\/a><\/p>\n","protected":false},"author":1,"featured_media":0,"parent":0,"menu_order":0,"comment_status":"open","ping_status":"open","template":"","meta":{"inline_featured_image":false,"footnotes":""},"_links":{"self":[{"href":"https:\/\/www.swissremarketing.com\/it\/wp-json\/wp\/v2\/pages\/1159"}],"collection":[{"href":"https:\/\/www.swissremarketing.com\/it\/wp-json\/wp\/v2\/pages"}],"about":[{"href":"https:\/\/www.swissremarketing.com\/it\/wp-json\/wp\/v2\/types\/page"}],"author":[{"embeddable":true,"href":"https:\/\/www.swissremarketing.com\/it\/wp-json\/wp\/v2\/users\/1"}],"replies":[{"embeddable":true,"href":"https:\/\/www.swissremarketing.com\/it\/wp-json\/wp\/v2\/comments?post=1159"}],"version-history":[{"count":12,"href":"https:\/\/www.swissremarketing.com\/it\/wp-json\/wp\/v2\/pages\/1159\/revisions"}],"predecessor-version":[{"id":2095,"href":"https:\/\/www.swissremarketing.com\/it\/wp-json\/wp\/v2\/pages\/1159\/revisions\/2095"}],"wp:attachment":[{"href":"https:\/\/www.swissremarketing.com\/it\/wp-json\/wp\/v2\/media?parent=1159"}],"curies":[{"name":"wp","href":"https:\/\/api.w.org\/{rel}","templated":true}]}}